{"id":2,"date":"2018-02-05T18:33:30","date_gmt":"2018-02-05T18:33:30","guid":{"rendered":"http:\/\/oakclothing.no\/?page_id=2"},"modified":"2025-01-02T11:57:26","modified_gmt":"2025-01-02T11:57:26","slug":"sample-page","status":"publish","type":"page","link":"https:\/\/oakclothing.no\/","title":{"rendered":"Home"},"content":{"rendered":"<div class=\"wp-block-image\">\n<figure class=\"aligncenter\"><img loading=\"lazy\" decoding=\"async\" width=\"672\" height=\"50\" src=\"http:\/\/oakclothing.no\/wp-content\/uploads\/2018\/02\/oakline.png\" alt=\"\" class=\"wp-image-36\" srcset=\"https:\/\/oakclothing.no\/wp-content\/uploads\/2018\/02\/oakline.png 672w, https:\/\/oakclothing.no\/wp-content\/uploads\/2018\/02\/oakline-250x19.png 250w, https:\/\/oakclothing.no\/wp-content\/uploads\/2018\/02\/oakline-120x9.png 120w\" sizes=\"auto, (max-width: 672px) 100vw, 672px\" \/><\/figure>\n<\/div>\n\n\n<p><\/p>\n\n\n\n<h1 class=\"wp-block-heading has-text-align-center\" id=\"om-oak\">Om Oak <\/h1>\n\n\n\n<p>Oak er en consept store for motebevisste kvinner og menn. Butikken p\u00e5 450M2 ligger p\u00e5 Kanalplassen midt i Pollen i Arendal. V\u00e5rt form\u00e5l er \u00e5 hjelpe alle v\u00e5re kunder med \u00e5 finne riktige antrekk. Oak har egen systue der vi tilbyr skredder tjenester, og reparasjoner.<\/p>\n\n\n\n<p><\/p>\n\n\n\n<p>Bes\u00f8k gjerne v\u00e5r webshop som er \u00c5pent 24\/7 <a href=\"http:\/\/www.oakstore.no\/\">oakstore.no<\/a><\/p>\n\n\n<div class=\"wp-block-image\">\n<figure class=\"aligncenter size-large\"><img loading=\"lazy\" decoding=\"async\" width=\"700\" height=\"296\" src=\"http:\/\/oakclothing.no\/wp-content\/uploads\/2021\/07\/Oak-700x296.jpg\" alt=\"\" class=\"wp-image-252\" srcset=\"https:\/\/oakclothing.no\/wp-content\/uploads\/2021\/07\/Oak-700x296.jpg 700w, https:\/\/oakclothing.no\/wp-content\/uploads\/2021\/07\/Oak-250x106.jpg 250w, https:\/\/oakclothing.no\/wp-content\/uploads\/2021\/07\/Oak-768x325.jpg 768w, https:\/\/oakclothing.no\/wp-content\/uploads\/2021\/07\/Oak-1536x649.jpg 1536w, https:\/\/oakclothing.no\/wp-content\/uploads\/2021\/07\/Oak-2048x865.jpg 2048w, https:\/\/oakclothing.no\/wp-content\/uploads\/2021\/07\/Oak-120x51.jpg 120w\" sizes=\"auto, (max-width: 700px) 100vw, 700px\" \/><\/figure>\n<\/div>\n\n\n<p>&nbsp; &nbsp; &nbsp; &nbsp; &nbsp; &nbsp; &nbsp; &nbsp; &nbsp; &nbsp; &nbsp; &nbsp; &nbsp; &nbsp; &nbsp; &nbsp; &nbsp; &nbsp; &nbsp; &nbsp; &nbsp; &nbsp; &nbsp; <\/p>\n\n\n\n<h1 class=\"wp-block-heading has-text-align-center background\" id=\"slik-gjor-vi-ting-hos-oss\">Slik gj\u00f8r vi ting hos oss:<\/h1>\n\n\n\n<p class=\"has-text-align-center\">V\u00e5re Verdier<\/p>\n\n\n<div class=\"wp-block-image\">\n<figure class=\"aligncenter is-resized\"><img loading=\"lazy\" decoding=\"async\" width=\"73\" height=\"86\" src=\"http:\/\/oakclothing.no\/wp-content\/uploads\/2018\/02\/erlig.png\" alt=\"\" class=\"wp-image-30\" style=\"width:73px;height:86px\"\/><\/figure>\n<\/div>\n\n\n<p>I Oak setter vi v\u00e5r \u00e6re i \u00e5 hjelpe kundene med \u00e5 finne riktige kl\u00e6r. &nbsp;Alle v\u00e5re kunder er kunder for fremtiden, og hvordan vi behandler dem er begynnelsen til en god kunderelasjon basert p\u00e5 tillit.<\/p>\n\n\n\n<p><\/p>\n\n\n\n<p><\/p>\n\n\n\n<p><\/p>\n\n\n<div class=\"wp-block-image\">\n<figure class=\"aligncenter\"><img loading=\"lazy\" decoding=\"async\" width=\"120\" height=\"83\" src=\"http:\/\/oakclothing.no\/wp-content\/uploads\/2018\/02\/empatiske.png\" alt=\"\" class=\"wp-image-34\"\/><\/figure>\n<\/div>\n\n\n<p>I Oak bryr vi oss om kundene v\u00e5re, kollegene v\u00e5re, og byen vi en del av. V\u00e5re kunder skal f\u00f8le at vi er der for dem &#8211; for \u00e5 hjelpe dem til \u00e5 ta riktige valg. V\u00e5re kunder skal alltid f\u00f8le seg velkomne hos oss.<\/p>\n\n\n\n<p><\/p>\n\n\n\n<p><\/p>\n\n\n\n<p><\/p>\n\n\n<div class=\"wp-block-image\">\n<figure class=\"aligncenter\"><img loading=\"lazy\" decoding=\"async\" width=\"57\" height=\"78\" src=\"http:\/\/oakclothing.no\/wp-content\/uploads\/2018\/02\/noye.png\" alt=\"\" class=\"wp-image-31\"\/><\/figure>\n<\/div>\n\n\n<p>Det betyr at i Oak bryr vi oss ikke bare om kundene v\u00e5re, men vi bryr oss om kl\u00e6rne vi selger, lokalene vi holder til i, hvordan vi selv fremst\u00e5r, og at ting blir gjort ordentlig.<\/p>\n\n\n\n<p>Vi selger kvalitetskl\u00e6r med kvalitet i alle ledd, enten det dreier seg om innkj\u00f8p, butikkdesign, serviceniv\u00e5 eller kunder\u00e5dgiving.<\/p>\n\n\n\n<p><\/p>\n\n\n\n<p><\/p>\n\n\n\n<p><\/p>\n\n\n<div class=\"wp-block-image\">\n<figure class=\"aligncenter\"><img loading=\"lazy\" decoding=\"async\" width=\"131\" height=\"72\" src=\"http:\/\/oakclothing.no\/wp-content\/uploads\/2018\/02\/nyskjerige.png\" alt=\"\" class=\"wp-image-32\" srcset=\"https:\/\/oakclothing.no\/wp-content\/uploads\/2018\/02\/nyskjerige.png 131w, https:\/\/oakclothing.no\/wp-content\/uploads\/2018\/02\/nyskjerige-120x66.png 120w\" sizes=\"auto, (max-width: 131px) 100vw, 131px\" \/><\/figure>\n<\/div>\n\n\n<p>Vi som jobber i Oak er r\u00e5dgivere for kundene v\u00e5re. Kunnskap er en vesentlig faktor for h\u00f8y grad av faglig integritet, som igjen f\u00f8rer til tillit mellom kunden og Oak. I Oak holder vi oss oppdatert innen faget v\u00e5rt.<\/p>\n\n\n\n<p><\/p>\n\n\n\n<p><\/p>\n\n\n\n<p><\/p>\n\n\n<div class=\"wp-block-image\">\n<figure class=\"aligncenter\"><img loading=\"lazy\" decoding=\"async\" width=\"133\" height=\"79\" src=\"http:\/\/oakclothing.no\/wp-content\/uploads\/2018\/02\/utadvendte.png\" alt=\"\" class=\"wp-image-33\" srcset=\"https:\/\/oakclothing.no\/wp-content\/uploads\/2018\/02\/utadvendte.png 133w, https:\/\/oakclothing.no\/wp-content\/uploads\/2018\/02\/utadvendte-120x71.png 120w\" sizes=\"auto, (max-width: 133px) 100vw, 133px\" \/><\/figure>\n<\/div>\n\n\n<p>Vi skal v\u00e6re en aktiv hjelper for kundene v\u00e5re, og alltid m\u00f8te kunder &#8211; nye som gamle &#8211; med en \u00e5pen og nysgjerrig holdning.<\/p>\n\n\n\n<p><\/p>\n\n\n\n<p><\/p>\n\n\n\n<p>Brandlist 2025<\/p>\n\n\n\n<p>Female: Marc Jacobs -Camilla Pihl &#8211; Gestuz &#8211; Once Untold &#8211; Twist &amp; Tango &#8211; UBR &#8211; Cedrico &#8211; Suncoo Paris Emilia By Bondep &#8211; Maria Black &#8211; Enamel Copenhagen &#8211; Veja &#8211; New Balance &#8211; Replay &#8211; True Religion &#8211; Nudie Jeans &#8211; Yas &#8211; Leveteroom &#8211; Neo Noir &#8211; IVY Copenhagen &#8211; Scandinavian Edition &#8211; Ck Underwear &#8211; Go Lightly &#8211; Missmaya &#8211; Kknekki &#8211; Sprekenhus &#8211; Eight &amp; Bob<\/p>\n\n\n\n<p>Male: Jacob Cohen &#8211; Nudie Jeans &#8211; Replay &#8211; Gabba &#8211; Oscar jacobson &#8211; Eton &#8211; Stenstr\u00f6ms &#8211; Les Deux &#8211; Woodbird -Morris Stockholm &#8211; Scandinavian Edition &#8211; MOS MOSH Gallery &#8211; Cole Haan &#8211; Andersons &#8211; New Balance &#8211; Tga Shoes &#8211; Eight &amp; Bob &#8211; CK Underwear -The Product &#8211; Plain Units &#8211; Nudie Jeans &#8211; Sprekenhus &#8211; Eight &amp; Bob<\/p>\n\n\n\n<p><\/p>\n\n\n<div class=\"wp-block-image\">\n<figure class=\"aligncenter\"><img loading=\"lazy\" decoding=\"async\" width=\"672\" height=\"50\" src=\"http:\/\/oakclothing.no\/wp-content\/uploads\/2018\/02\/oakline.png\" alt=\"\" class=\"wp-image-36\" srcset=\"https:\/\/oakclothing.no\/wp-content\/uploads\/2018\/02\/oakline.png 672w, https:\/\/oakclothing.no\/wp-content\/uploads\/2018\/02\/oakline-250x19.png 250w, https:\/\/oakclothing.no\/wp-content\/uploads\/2018\/02\/oakline-120x9.png 120w\" sizes=\"auto, (max-width: 672px) 100vw, 672px\" \/><\/figure>\n<\/div>","protected":false},"excerpt":{"rendered":"Om Oak Oak er en consept store for motebevisste kvinner og menn. Butikken p\u00e5 450M2 ligger p\u00e5 Kanalplassen midt i Pollen i Arendal. V\u00e5rt form\u00e5l er \u00e5 hjelpe alle v\u00e5re kunder med \u00e5 finne riktige antrekk. Oak har egen systue der vi tilbyr skredder tjenester, og reparasjoner. Bes\u00f8k gjerne v\u00e5r webshop som er \u00c5pent 24\/7&#8230; <a class=\"view-article\" href=\"https:\/\/oakclothing.no\/\">View Article<\/a>","protected":false},"author":1,"featured_media":0,"parent":0,"menu_order":0,"comment_status":"closed","ping_status":"open","template":"","meta":{"footnotes":""},"class_list":["post-2","page","type-page","status-publish","hentry"],"_links":{"self":[{"href":"https:\/\/oakclothing.no\/index.php\/wp-json\/wp\/v2\/pages\/2","targetHints":{"allow":["GET"]}}],"collection":[{"href":"https:\/\/oakclothing.no\/index.php\/wp-json\/wp\/v2\/pages"}],"about":[{"href":"https:\/\/oakclothing.no\/index.php\/wp-json\/wp\/v2\/types\/page"}],"author":[{"embeddable":true,"href":"https:\/\/oakclothing.no\/index.php\/wp-json\/wp\/v2\/users\/1"}],"replies":[{"embeddable":true,"href":"https:\/\/oakclothing.no\/index.php\/wp-json\/wp\/v2\/comments?post=2"}],"version-history":[{"count":87,"href":"https:\/\/oakclothing.no\/index.php\/wp-json\/wp\/v2\/pages\/2\/revisions"}],"predecessor-version":[{"id":343,"href":"https:\/\/oakclothing.no\/index.php\/wp-json\/wp\/v2\/pages\/2\/revisions\/343"}],"wp:attachment":[{"href":"https:\/\/oakclothing.no\/index.php\/wp-json\/wp\/v2\/media?parent=2"}],"curies":[{"name":"wp","href":"https:\/\/api.w.org\/{rel}","templated":true}]}}